{"id":27,"date":"2020-12-14T13:17:46","date_gmt":"2020-12-14T18:17:46","guid":{"rendered":"https:\/\/climate.ncsu.edu\/learn\/?page_id=27"},"modified":"2026-01-13T14:42:55","modified_gmt":"2026-01-13T19:42:55","slug":"the-el-nino-southern-oscillation","status":"publish","type":"page","link":"https:\/\/climate.ncsu.edu\/learn\/the-el-nino-southern-oscillation\/","title":{"rendered":"The El Ni\u00f1o Southern Oscillation"},"content":{"rendered":"\n\n\n\n\n<p><em>The El Ni\u00f1o Southern Oscillation, or ENSO, describes water temperatures in the eastern tropical Pacific Ocean and the linkages to weather and climate patterns around the world. ENSO tends to be the best predictor of our weather (in North Carolina) on a seasonal timescale. <\/em><\/p>\n\n\n\n<p><\/p>\n\n\n\n<h3 class=\"wp-block-heading\">Typical Annual Pattern<\/h3>\n\n\n\n<p>For most of the year in the tropics, the trade winds push the warm surface waters of the equatorial Pacific Ocean westward, allowing the upwelling of cold, deep ocean waters in the eastern Tropical Pacific. As the seasons shift, these <strong>trade winds weaken, and warm water is able to extend farther eastward<\/strong> \u2014 this typically happens around December. In this normal pattern (which is called the <strong>Walker Circulation<\/strong>), warmer water piles up in the western equatorial Pacific Ocean \u2014 in fact, the elevation of the ocean off the east coast of Australia is as much as 40 cm higher than the elevation of the ocean surface off the west coast of South America! The warm surface water imparts this characteristic to the air above it: the air becomes warmer, less dense, and rises. For this reason, in a typical year we would see more rising air, clouds, and storms over the western equatorial Pacific. In contrast, in the eastern equatorial Pacific, the cool waters lead to cooler and denser air, which sinks; clouds and precipitation are unlikely, and this is one of the reasons the Atacama desert is on the west coast of South America. This typical pattern, combined with the Earth\u2019s rotation, leads to prevailing easterlies (the <strong>Trade Winds<\/strong>) in the equatorial Pacific Ocean. Sometimes this typical pattern intensifies or even completely reverses; when this happens, we experience different phases of the <strong>El Ni\u00f1o Southern Oscillation<\/strong> (ENSO) known more commonly as <strong>El Ni\u00f1o <\/strong>and <strong>La Ni\u00f1a<\/strong>. Read the sections below to learn more about each of these climate patterns and what they mean for our weather in North Carolina. <\/p>\n\n\n<div class=\"is-text wp-block-ncst-accordion\" >\n    <div class=\"accordion \" id=\"ncst-accordion-y9mqnu\">\n          \n<details class=\"wp-block-ncst-accordion-item\" name=\"\"  >\n      <summary class=\"accordion-item__header\">\n        <span class=\"accordion-item__expansion-indicator\">\n          <span class=\"ncst-plus-minus-toggle\"><\/span>\n        <\/span>\n        <h2 class=\"accordion-item__label h6\">El Ni\u00f1o<\/h2>\n      <\/summary>\n      <p>\n        \n\n<p>El Ni\u00f1o events typically occur every three to seven years and start when the trade winds blowing from the northeast, near the equator in the Northern Hemisphere, weaken. In a strong event, the winds can actually reverse and flow from the west. The trade winds weaken because the air pressure gradient between the eastern and western tropical Pacific decreases.&nbsp; As the winds die down, warm water from the western equatorial Pacific sloshes back towards South America, thickening the layer of warm surface water and cutting off the upwelling of nutrients from the deep ocean near Peru and Ecuador.&nbsp; This leads to the death of fish and the birds that feed on the nutrients, leading to economic impacts on commercial fishing and guano gathering for fertilizer from the nesting areas of the birds.<\/p>\n\n\n\n<p>An area of thunderstorms and intense rainfall often accompanies the pool of warmest water, leading to changes in precipitation amounts along the South American coast. This causes flooding in western South America where it is usually dry and makes it excessively dry in the western Pacific where precipitation normally falls.&nbsp;<\/p>\n\n\n\n<p>All of these changes in the Pacific Ocean change the global atmospheric circulation, which in turn affects the weather and climate patterns all over the globe. Since the air flows unimpeded around the earth a shift in the atmospheric patterns at one location (similar to placing a large rock in a river) can lead to shifts in the flow of air and atmospheric patterns downstream. Figure B shows some of the known variability in climate associated with the occurrence of an El Ni\u00f1o episode.<\/p>\n\n\n\n<p>In addition, the pool of warm water in the eastern Pacific ocean aids in the transfer of heat from this location. This also affects weather patterns all over the world.&nbsp; Areas usually receiving great amounts of rainfall could potentially dry out during an El Ni\u00f1o event and vice versa for other areas that are usually dry. Over the central Pacific Ocean, typhoons usually increase during strong El Ni\u00f1o events due to the ample supply of warm water at the surface. Since El Ni\u00f1o usually reaches its maximum strength in winter, El Ni\u00f1o has the strongest impacts on the weather in December, January, and February in the Southeast, although it can continue to impact weather regionally for several months.<\/p>\n\n\n\n<figure class=\"wp-block-image\"><img loading=\"lazy\" decoding=\"async\" width=\"609\" height=\"352\" src=\"https:\/\/climate.ncsu.edu\/learn\/wp-content\/uploads\/sites\/3\/2021\/01\/El-Nino-1.jpg\" alt=\"\" class=\"wp-image-318\" srcset=\"https:\/\/climate.ncsu.edu\/learn\/wp-content\/uploads\/sites\/3\/2021\/01\/El-Nino-1.jpg 609w, https:\/\/climate.ncsu.edu\/learn\/wp-content\/uploads\/sites\/3\/2021\/01\/El-Nino-1-300x173.jpg 300w\" sizes=\"auto, (max-width: 609px) 100vw, 609px\" \/><figcaption class=\"wp-element-caption\"><em>Image from Climate.gov<\/em><\/figcaption><\/figure>\n\n\n\n<p>A warm-phase ENSO event, or El Ni\u00f1o, strengthens the subtropical jet stream and typically keeps it just to our south, which means a moisture-rich storm track through the Gulf of Mexico and off our coast. South-central Texas and the southeast US will be mostly cool and wet because the cold, moist air from the Pacific Ocean entering the southern states enhances clouds and rainfall and cools temperatures due to lack of direct sunlight. In turn, much of the northern United States and Canada will be warm during an El Ni\u00f1o event because the polar jet stream swings farther east over the northeastern United States. For much of the southeastern United States during the summer of an El Ni\u00f1o event, the climate is usually warmer and drier.&nbsp;The strong subtropical jet stream also tends to disrupt the development of hurricanes in the Atlantic Ocean and Gulf of Mexico.&nbsp; Because of that, fewer hurricanes are likely during an El Ni\u00f1o year in the tropical Atlantic.<\/p>\n\n\n      <\/p>\n  <\/details>\n\n\n<details class=\"wp-block-ncst-accordion-item\" name=\"\"  >\n      <summary class=\"accordion-item__header\">\n        <span class=\"accordion-item__expansion-indicator\">\n          <span class=\"ncst-plus-minus-toggle\"><\/span>\n        <\/span>\n        <h2 class=\"accordion-item__label h6\">La Ni\u00f1a <\/h2>\n      <\/summary>\n      <p>\n        \n\n<p>La Ni\u00f1a is essentially the below normal cooling of sea surface temperatures in the eastern tropical Pacific Ocean, and can be thought of as opposite to El Ni\u00f1o. These events often, but not always, follow El Ni\u00f1o events. La Ni\u00f1a events will vary year to year and with each event.&nbsp;<\/p>\n\n\n\n<p>The eastern tropical Pacific Ocean cools during a La Ni\u00f1a event. This occurs because the easterly trade winds around the equator strengthen as the differences in pressure between the eastern and western tropical Pacific increase. Upwelling of colder ocean water in the eastern tropical Pacific from below the surface increases and more of this colder water moves to the west, pushed by the strong easterly trade winds. This causes the precipitation usually found over the western and central tropical Pacific to move farther to the west. This cools the average sea surface temperatures from the normal in the eastern tropical Pacific.<\/p>\n\n\n\n<p>The polar jet stream during the winter in a La Ni\u00f1a event splits into two over the Pacific Ocean. This is because a persistent high pressure area resides south of Alaska and drives the upper portion of the polar jet stream to the north, while the lower portion swings around the high pressure from the south. Over Canada and the northern Great Plains, colder than normal conditions persist with the location of the upper portion of the polar jet. The southern portion of the polar jet brings warm, moist air into the northwestern United States causing much of this area to be wet. La Ni\u00f1a events are typically associated with warmer, dryer winters in North Carolina. During La Ni\u00f1a summers and falls, the subtropical jet is weakened, creating a more conducive wind environment for tropical cyclone development. For this reason, La Ni\u00f1a years tend to see more active North Atlantic Hurricane Seasons.<\/p>\n\n\n\n<figure class=\"wp-block-image\"><img loading=\"lazy\" decoding=\"async\" width=\"609\" height=\"304\" src=\"https:\/\/climate.ncsu.edu\/learn\/wp-content\/uploads\/sites\/3\/2021\/01\/La-Nina.jpg\" alt=\"\" class=\"wp-image-317\" srcset=\"https:\/\/climate.ncsu.edu\/learn\/wp-content\/uploads\/sites\/3\/2021\/01\/La-Nina.jpg 609w, https:\/\/climate.ncsu.edu\/learn\/wp-content\/uploads\/sites\/3\/2021\/01\/La-Nina-300x150.jpg 300w\" sizes=\"auto, (max-width: 609px) 100vw, 609px\" \/><figcaption class=\"wp-element-caption\"><em>Image from Climate.gov<\/em><\/figcaption><\/figure>\n\n\n      <\/p>\n  <\/details>\n\n\n<details class=\"wp-block-ncst-accordion-item\" name=\"\"  >\n      <summary class=\"accordion-item__header\">\n        <span class=\"accordion-item__expansion-indicator\">\n          <span class=\"ncst-plus-minus-toggle\"><\/span>\n        <\/span>\n        <h2 class=\"accordion-item__label h6\">What causes the different ENSO phases?<\/h2>\n      <\/summary>\n      <p>\n        \n\n<p>The Southern Oscillation refers to a seesaw effect of surface atmospheric pressure between the eastern and western equatorial Pacific Ocean in which higher-than-normal pressure in one of these two regions is coincident with lower-than-normal pressure in the other. These pressure changes result from several years of sea surface temperature variations in the equatorial pacific \u2014 establishing the link between El Ni\u00f1o\/La Ni\u00f1a and the Southern Oscillation \u2014 hence the term El Nino Southern Oscillation, or ENSO.<\/p>\n\n\n\n<p><a href=\"https:\/\/www.noaa.gov\/education\/resource-collections\/weather-atmosphere\/el-nino\" target=\"_blank\" rel=\"noreferrer noopener\">Click here<\/a> for more information about the El Ni\u00f1o Southern Oscillation (ENSO).<\/p>\n\n\n\n<figure class=\"wp-block-image\"><img loading=\"lazy\" decoding=\"async\" width=\"985\" height=\"755\" src=\"https:\/\/climate.ncsu.edu\/learn\/wp-content\/uploads\/sites\/3\/2021\/01\/ensoanimation.gif\" alt=\"\" class=\"wp-image-315\"\/><figcaption class=\"wp-element-caption\">Note the temperature shift in the equatorial Pacific from warmer (deep red) to cooler (blue).<br><em>Image from NASA<\/em><\/figcaption><\/figure>\n\n\n      <\/p>\n  <\/details>\n\n\n    <\/div>\n  <\/div>\n\n\n\n\n\n\n\n\n\n<p><\/p>\n","protected":false},"excerpt":{"rendered":"<p>The El Ni\u00f1o Southern Oscillation, or ENSO, describes water temperatures in the eastern tropical Pacific Ocean and the linkages to weather and climate patterns around the world. ENSO tends to be the best predictor of our weather (in North Carolina) on a seasonal timescale. Typical Annual Pattern For most of the year in the tropics,&hellip;<\/p>\n","protected":false},"author":1,"featured_media":0,"parent":0,"menu_order":0,"comment_status":"closed","ping_status":"closed","template":"","meta":{"_acf_changed":false,"source":"","ncst_custom_author":"","ncst_show_custom_author":false,"ncst_dynamicHeaderBlockName":"ncst\/default-header","ncst_dynamicHeaderData":"{}","ncst_content_audit_freq":"","ncst_content_audit_date":"","ncst_content_audit_display":false,"ncst_backToTopFlag":"","footnotes":""},"coauthors":[4],"class_list":["post-27","page","type-page","status-publish","hentry"],"acf":[],"_links":{"self":[{"href":"https:\/\/climate.ncsu.edu\/learn\/wp-json\/wp\/v2\/pages\/27","targetHints":{"allow":["GET"]}}],"collection":[{"href":"https:\/\/climate.ncsu.edu\/learn\/wp-json\/wp\/v2\/pages"}],"about":[{"href":"https:\/\/climate.ncsu.edu\/learn\/wp-json\/wp\/v2\/types\/page"}],"author":[{"embeddable":true,"href":"https:\/\/climate.ncsu.edu\/learn\/wp-json\/wp\/v2\/users\/1"}],"replies":[{"embeddable":true,"href":"https:\/\/climate.ncsu.edu\/learn\/wp-json\/wp\/v2\/comments?post=27"}],"version-history":[{"count":11,"href":"https:\/\/climate.ncsu.edu\/learn\/wp-json\/wp\/v2\/pages\/27\/revisions"}],"predecessor-version":[{"id":1099,"href":"https:\/\/climate.ncsu.edu\/learn\/wp-json\/wp\/v2\/pages\/27\/revisions\/1099"}],"wp:attachment":[{"href":"https:\/\/climate.ncsu.edu\/learn\/wp-json\/wp\/v2\/media?parent=27"}],"wp:term":[{"taxonomy":"author","embeddable":true,"href":"https:\/\/climate.ncsu.edu\/learn\/wp-json\/wp\/v2\/coauthors?post=27"}],"curies":[{"name":"wp","href":"https:\/\/api.w.org\/{rel}","templated":true}]}}